{"id":2184,"date":"2024-10-24T10:33:11","date_gmt":"2024-10-24T08:33:11","guid":{"rendered":"https:\/\/www.viverosveron.es\/gamas-vif\/"},"modified":"2024-11-27T10:39:51","modified_gmt":"2024-11-27T09:39:51","slug":"vif","status":"publish","type":"page","link":"https:\/\/www.viverosveron.es\/fr\/vif\/","title":{"rendered":"Gamme VIF"},"content":{"rendered":"\t\t<div data-elementor-type=\"wp-page\" data-elementor-id=\"2184\" class=\"elementor elementor-2184 elementor-1835\">\n\t\t\t\t\t\t<div class=\"elementor-inner\">\n\t\t\t\t<div class=\"elementor-section-wrap\">\n\t\t\t\t\t\t\t\t\t<section class=\"elementor-section elementor-top-section elementor-element elementor-element-1d287c4 elementor-section-boxed elementor-section-height-default elementor-section-height-default\" data-id=\"1d287c4\" data-element_type=\"section\">\n\t\t\t\t\t\t<div class=\"elementor-container elementor-column-gap-default\">\n\t\t\t\t\t\t\t<div class=\"elementor-row\">\n\t\t\t\t\t<div class=\"elementor-column elementor-col-100 elementor-top-column elementor-element elementor-element-88133ad\" data-id=\"88133ad\" data-element_type=\"column\">\n\t\t\t<div class=\"elementor-column-wrap elementor-element-populated\">\n\t\t\t\t\t\t\t<div class=\"elementor-widget-wrap\">\n\t\t\t\t\t\t<div class=\"elementor-element elementor-element-3e984f0 elementor-widget elementor-widget-image\" data-id=\"3e984f0\" data-element_type=\"widget\" data-widget_type=\"image.default\">\n\t\t\t\t<div class=\"elementor-widget-container\">\n\t\t\t\t\t\t\t\t<div class=\"elementor-image\">\n\t\t\t\t\t\t\t\t\t\t\t\t<img loading=\"lazy\" decoding=\"async\" width=\"1024\" height=\"183\" src=\"https:\/\/www.viverosveron.es\/wp-content\/uploads\/marcas-1024x183.png\" class=\"attachment-large size-large wp-image-1838\" alt=\"\" srcset=\"https:\/\/www.viverosveron.es\/wp-content\/uploads\/marcas-1024x183.png 1024w, https:\/\/www.viverosveron.es\/wp-content\/uploads\/marcas-300x54.png 300w, https:\/\/www.viverosveron.es\/wp-content\/uploads\/marcas-768x138.png 768w, https:\/\/www.viverosveron.es\/wp-content\/uploads\/marcas-360x65.png 360w, https:\/\/www.viverosveron.es\/wp-content\/uploads\/marcas-373x67.png 373w, https:\/\/www.viverosveron.es\/wp-content\/uploads\/marcas-80x14.png 80w, https:\/\/www.viverosveron.es\/wp-content\/uploads\/marcas-620x111.png 620w, https:\/\/www.viverosveron.es\/wp-content\/uploads\/marcas-460x82.png 460w, https:\/\/www.viverosveron.es\/wp-content\/uploads\/marcas-365x65.png 365w, https:\/\/www.viverosveron.es\/wp-content\/uploads\/marcas.png 1200w\" sizes=\"auto, (max-width: 1024px) 100vw, 1024px\" \/>\t\t\t\t\t\t\t\t\t\t\t\t\t\t<\/div>\n\t\t\t\t\t\t<\/div>\n\t\t\t\t<\/div>\n\t\t\t\t<div class=\"elementor-element elementor-element-36094f0 tx-hd-align-center elementor-widget elementor-widget-avas-heading\" data-id=\"36094f0\" data-element_type=\"widget\" data-widget_type=\"avas-heading.default\">\n\t\t\t\t<div class=\"elementor-widget-container\">\n\t\t\t        <div class=\"tx-hd-wrap\">\n\n            <div class=\"tx-hd-wm\"><\/div>\n\n            \n            <div class=\"tx-hd-sub\"><\/div>\n                        <h2 class=\"tx-hd-title\">\n                <span class=\"tx-hd-first-part\">Que veut le consommeteur?<\/span>\n                <span class=\"tx-hd-last-part\"><\/span>\n            <\/h2>    \n            \n            <div class=\"tx-hd-desc\"><p>Les gammes vari\u00e9tales VIF International offrent au consommateur S\u00c9CURIT\u00c9 ET FACILIT\u00c9 lors de l'achat de fruits.<\/p><p>Chaque gamme conserve ses caract\u00e9ristiques de saveur et de pr\u00e9sentation tout au long de la saison des r\u00e9coltes, le consommateur sait donc ce qu'il ach\u00e8te.<\/p><\/div>\n\n\n                   \n        <\/div><!-- tx-hd-wrap -->\n\n\n\n\n\n\n\n\n\t\t<\/div>\n\t\t\t\t<\/div>\n\t\t\t\t<div class=\"elementor-element elementor-element-b892c22 tx-hd-align-center elementor-widget elementor-widget-avas-heading\" data-id=\"b892c22\" data-element_type=\"widget\" data-widget_type=\"avas-heading.default\">\n\t\t\t\t<div class=\"elementor-widget-container\">\n\t\t\t        <div class=\"tx-hd-wrap\">\n\n            <div class=\"tx-hd-wm\"><\/div>\n\n            \n            <div class=\"tx-hd-sub\"><\/div>\n                        <h2 class=\"tx-hd-title\">\n                <span class=\"tx-hd-first-part\">De quoi a besoin le producteur?<\/span>\n                <span class=\"tx-hd-last-part\"><\/span>\n            <\/h2>    \n            \n            <div class=\"tx-hd-desc\"><p>Les gammes vari\u00e9tales VIF International apportent au producteur RENTABILIT\u00c9 et SIMPLICIT\u00c9.<\/p><p>Ce sont des gammes tr\u00e8s productives, avec de faibles co\u00fbts de production (floraison plus ma\u00eetris\u00e9e, taille moindre, calibres homog\u00e8nes \u00e0 r\u00e9colter en 1 ou 2 passages), une floraison tardive pour r\u00e9duire les risques de perte de r\u00e9colte due au gel, donnant au producteur une flexibilit\u00e9 face de la demande du march\u00e9, ils prennent rapidement de la couleur et du sucre, donc si le march\u00e9 a besoin de fruits, vous pouvez les cueillir plus verts, et d'un autre c\u00f4t\u00e9, ils tiennent tr\u00e8s bien sur l'arbre, donc si le march\u00e9 ralentit, vous peut les cueillir plus lentement.<\/p><\/div>\n\n\n                   \n        <\/div><!-- tx-hd-wrap -->\n\n\n\n\n\n\n\n\n\t\t<\/div>\n\t\t\t\t<\/div>\n\t\t\t\t<div class=\"elementor-element elementor-element-21682b9 elementor-widget elementor-widget-avas-animated-heading\" data-id=\"21682b9\" data-element_type=\"widget\" data-widget_type=\"avas-animated-heading.default\">\n\t\t\t\t<div class=\"elementor-widget-container\">\n\t\t\t\n    <div class=\"tx-animated-heading-wrap\" data-settings=\"{&quot;styles&quot;:&quot;typed&quot;,&quot;strings&quot;:[&quot; - VALEUR S\\u00dbRE&quot;],&quot;typeSpeed&quot;:70,&quot;startDelay&quot;:500,&quot;backSpeed&quot;:40,&quot;backDelay&quot;:500,&quot;loop&quot;:true,&quot;loopCount&quot;:&quot;infinity&quot;}\" >\n\n        \n            <h2 class=\"tx-animated-heading\">\n                <span class=\"tx-animated-heading-before-text\">GAMME VIF INTERNACIONALE<\/span>\n                                <span id=\"tx-ah-21682b9\" class=\"tx-animated-txt\"><\/span>\n                                <span class=\"tx-animated-heading-after-text\"><\/span>\n            <\/h2>\n\n        \n    <\/div>\n\n\n\n\t\t<\/div>\n\t\t\t\t<\/div>\n\t\t\t\t\t\t<\/div>\n\t\t\t\t\t<\/div>\n\t\t<\/div>\n\t\t\t\t\t\t\t\t<\/div>\n\t\t\t\t\t<\/div>\n\t\t<\/section>\n\t\t\t\t\t\t\t\t\t<\/div>\n\t\t\t<\/div>\n\t\t\t\t\t<\/div>\n\t\t","protected":false},"excerpt":{"rendered":"<p class=\"tx-excerpt\">Que veut le consommeteur? Les gammes vari\u00e9tales VIF International offrent au consommateur S\u00c9CURIT\u00c9 ET FACILIT\u00c9 lors de l&rsquo;achat de fruits. Chaque gamme conserve ses caract\u00e9ristiques de saveur et","protected":false},"author":1,"featured_media":0,"parent":0,"menu_order":0,"comment_status":"closed","ping_status":"closed","template":"templates\/blank.php","meta":{"footnotes":""},"class_list":["post-2184","page","type-page","status-publish","hentry"],"_links":{"self":[{"href":"https:\/\/www.viverosveron.es\/fr\/wp-json\/wp\/v2\/pages\/2184","targetHints":{"allow":["GET"]}}],"collection":[{"href":"https:\/\/www.viverosveron.es\/fr\/wp-json\/wp\/v2\/pages"}],"about":[{"href":"https:\/\/www.viverosveron.es\/fr\/wp-json\/wp\/v2\/types\/page"}],"author":[{"embeddable":true,"href":"https:\/\/www.viverosveron.es\/fr\/wp-json\/wp\/v2\/users\/1"}],"replies":[{"embeddable":true,"href":"https:\/\/www.viverosveron.es\/fr\/wp-json\/wp\/v2\/comments?post=2184"}],"version-history":[{"count":4,"href":"https:\/\/www.viverosveron.es\/fr\/wp-json\/wp\/v2\/pages\/2184\/revisions"}],"predecessor-version":[{"id":2193,"href":"https:\/\/www.viverosveron.es\/fr\/wp-json\/wp\/v2\/pages\/2184\/revisions\/2193"}],"wp:attachment":[{"href":"https:\/\/www.viverosveron.es\/fr\/wp-json\/wp\/v2\/media?parent=2184"}],"curies":[{"name":"wp","href":"https:\/\/api.w.org\/{rel}","templated":true}]}}