{"id":1383,"date":"2023-03-20T11:58:03","date_gmt":"2023-03-20T10:58:03","guid":{"rendered":"http:\/\/www.viverosveron.es\/productos\/nuestros-portainjertos\/"},"modified":"2024-09-04T12:47:39","modified_gmt":"2024-09-04T10:47:39","slug":"nos-porte-greffes","status":"publish","type":"page","link":"https:\/\/www.viverosveron.es\/fr\/produits\/nos-porte-greffes\/","title":{"rendered":"Porte-greffes dans nos plantes"},"content":{"rendered":"\t\t<div data-elementor-type=\"wp-page\" data-elementor-id=\"1383\" class=\"elementor elementor-1383 elementor-382\">\n\t\t\t\t\t\t<div class=\"elementor-inner\">\n\t\t\t\t<div class=\"elementor-section-wrap\">\n\t\t\t\t\t\t\t\t\t<section class=\"elementor-section elementor-top-section elementor-element elementor-element-92dc1f8 elementor-section-boxed elementor-section-height-default elementor-section-height-default\" data-id=\"92dc1f8\" data-element_type=\"section\">\n\t\t\t\t\t\t<div class=\"elementor-container elementor-column-gap-default\">\n\t\t\t\t\t\t\t<div class=\"elementor-row\">\n\t\t\t\t\t<div class=\"elementor-column elementor-col-100 elementor-top-column elementor-element elementor-element-57fe695\" data-id=\"57fe695\" data-element_type=\"column\">\n\t\t\t<div class=\"elementor-column-wrap elementor-element-populated\">\n\t\t\t\t\t\t\t<div class=\"elementor-widget-wrap\">\n\t\t\t\t\t\t<div class=\"elementor-element elementor-element-87c69dc elementor-widget elementor-widget-avas-breadcrumbs\" data-id=\"87c69dc\" data-element_type=\"widget\" data-widget_type=\"avas-breadcrumbs.default\">\n\t\t\t\t<div class=\"elementor-widget-container\">\n\t\t\t<ul class=\"tx-breadcrumbs\"><\/ul>\t\n\t\t\n\t\t<\/div>\n\t\t\t\t<\/div>\n\t\t\t\t\t\t<\/div>\n\t\t\t\t\t<\/div>\n\t\t<\/div>\n\t\t\t\t\t\t\t\t<\/div>\n\t\t\t\t\t<\/div>\n\t\t<\/section>\n\t\t\t\t<section class=\"elementor-section elementor-top-section elementor-element elementor-element-5c76fca elementor-section-stretched elementor-section-content-middle elementor-section-boxed elementor-section-height-default elementor-section-height-default\" data-id=\"5c76fca\" data-element_type=\"section\" data-settings=\"{&quot;stretch_section&quot;:&quot;section-stretched&quot;}\">\n\t\t\t\t\t\t<div class=\"elementor-container elementor-column-gap-no\">\n\t\t\t\t\t\t\t<div class=\"elementor-row\">\n\t\t\t\t\t<div class=\"elementor-column elementor-col-50 elementor-top-column elementor-element elementor-element-54b3da92\" data-id=\"54b3da92\" data-element_type=\"column\">\n\t\t\t<div class=\"elementor-column-wrap elementor-element-populated\">\n\t\t\t\t\t\t\t<div class=\"elementor-widget-wrap\">\n\t\t\t\t\t\t<div class=\"elementor-element elementor-element-3fe9d7b6 tx-hd-align-left elementor-widget elementor-widget-avas-heading\" data-id=\"3fe9d7b6\" data-element_type=\"widget\" data-widget_type=\"avas-heading.default\">\n\t\t\t\t<div class=\"elementor-widget-container\">\n\t\t\t        <div class=\"tx-hd-wrap\">\n\n            <div class=\"tx-hd-wm\"><\/div>\n\n            \n            <div class=\"tx-hd-sub\"><\/div>\n                        <h2 class=\"tx-hd-title\">\n                <span class=\"tx-hd-first-part\">Quels porte-greffes utilisons-nous pour produire notre plante ?<\/span>\n                <span class=\"tx-hd-last-part\"><\/span>\n            <\/h2>    \n            \n            <div class=\"tx-hd-desc\"><p>Les porte-greffes repr\u00e9sentent l'endroit sur lequel seront gref\u00e9es les vari\u00e9t\u00e9s d'un arbre fruitier sp\u00e9cifique. Chaque porte-greffe pr\u00e9sente des caract\u00e9ristiques diff\u00e9rienciatrices (vigueur, r\u00e9sistance\u2026) ainsi que des affinit\u00e9s avec diff\u00e9rents types d'arbres fruitiers (il existe des porte-greffes sp\u00e9cifiques pour le greffage du poirier, du p\u00eacher ou du cerisier...)<br \/>Le choix du porte-greffe doit \u00eatre fait en fonction des caract\u00e9ristiques du sol o\u00f9 il sera plant\u00e9 et constitue la base fondamentale du futur d\u00e9veloppement de la production.<\/p><\/div>\n\n\n                   \n        <\/div><!-- tx-hd-wrap -->\n\n\n\n\n\n\n\n\n\t\t<\/div>\n\t\t\t\t<\/div>\n\t\t\t\t\t\t<\/div>\n\t\t\t\t\t<\/div>\n\t\t<\/div>\n\t\t\t\t<div class=\"elementor-column elementor-col-50 elementor-top-column elementor-element elementor-element-2a363898\" data-id=\"2a363898\" data-element_type=\"column\">\n\t\t\t<div class=\"elementor-column-wrap elementor-element-populated\">\n\t\t\t\t\t\t\t<div class=\"elementor-widget-wrap\">\n\t\t\t\t\t\t<div class=\"elementor-element elementor-element-796d59b1 elementor-widget elementor-widget-image\" data-id=\"796d59b1\" data-element_type=\"widget\" data-widget_type=\"image.default\">\n\t\t\t\t<div class=\"elementor-widget-container\">\n\t\t\t\t\t\t\t\t<div class=\"elementor-image\">\n\t\t\t\t\t\t\t\t\t\t\t\t<img loading=\"lazy\" decoding=\"async\" width=\"1112\" height=\"770\" src=\"https:\/\/www.viverosveron.es\/wp-content\/uploads\/17-portainjertos.jpg\" class=\"attachment-full size-full wp-image-385\" alt=\"\" srcset=\"https:\/\/www.viverosveron.es\/wp-content\/uploads\/17-portainjertos.jpg 1112w, https:\/\/www.viverosveron.es\/wp-content\/uploads\/17-portainjertos-300x208.jpg 300w, https:\/\/www.viverosveron.es\/wp-content\/uploads\/17-portainjertos-1024x709.jpg 1024w, https:\/\/www.viverosveron.es\/wp-content\/uploads\/17-portainjertos-768x532.jpg 768w, https:\/\/www.viverosveron.es\/wp-content\/uploads\/17-portainjertos-360x249.jpg 360w, https:\/\/www.viverosveron.es\/wp-content\/uploads\/17-portainjertos-270x188.jpg 270w, https:\/\/www.viverosveron.es\/wp-content\/uploads\/17-portainjertos-373x258.jpg 373w, https:\/\/www.viverosveron.es\/wp-content\/uploads\/17-portainjertos-485x335.jpg 485w, https:\/\/www.viverosveron.es\/wp-content\/uploads\/17-portainjertos-80x55.jpg 80w, https:\/\/www.viverosveron.es\/wp-content\/uploads\/17-portainjertos-620x429.jpg 620w, https:\/\/www.viverosveron.es\/wp-content\/uploads\/17-portainjertos-460x319.jpg 460w, https:\/\/www.viverosveron.es\/wp-content\/uploads\/17-portainjertos-365x253.jpg 365w\" sizes=\"auto, (max-width: 1112px) 100vw, 1112px\" \/>\t\t\t\t\t\t\t\t\t\t\t\t\t\t<\/div>\n\t\t\t\t\t\t<\/div>\n\t\t\t\t<\/div>\n\t\t\t\t\t\t<\/div>\n\t\t\t\t\t<\/div>\n\t\t<\/div>\n\t\t\t\t\t\t\t\t<\/div>\n\t\t\t\t\t<\/div>\n\t\t<\/section>\n\t\t\t\t<section class=\"elementor-section elementor-top-section elementor-element elementor-element-3977176 elementor-section-stretched elementor-section-boxed elementor-section-height-default elementor-section-height-default\" data-id=\"3977176\" data-element_type=\"section\" data-settings=\"{&quot;stretch_section&quot;:&quot;section-stretched&quot;,&quot;background_background&quot;:&quot;classic&quot;}\">\n\t\t\t\t\t\t<div class=\"elementor-container elementor-column-gap-no\">\n\t\t\t\t\t\t\t<div class=\"elementor-row\">\n\t\t\t\t\t<div class=\"elementor-column elementor-col-100 elementor-top-column elementor-element elementor-element-3dc2dae\" data-id=\"3dc2dae\" data-element_type=\"column\">\n\t\t\t<div class=\"elementor-column-wrap elementor-element-populated\">\n\t\t\t\t\t\t\t<div class=\"elementor-widget-wrap\">\n\t\t\t\t\t\t<div class=\"elementor-element elementor-element-514bbb3 tx-hd-align-center elementor-widget elementor-widget-avas-heading\" data-id=\"514bbb3\" data-element_type=\"widget\" data-widget_type=\"avas-heading.default\">\n\t\t\t\t<div class=\"elementor-widget-container\">\n\t\t\t        <div class=\"tx-hd-wrap\">\n\n            <div class=\"tx-hd-wm\"><\/div>\n\n            \n            <div class=\"tx-hd-sub\"><\/div>\n                        <h2 class=\"tx-hd-title\">\n                <span class=\"tx-hd-first-part\">Types de porte-greffes<\/span>\n                <span class=\"tx-hd-last-part\"><\/span>\n            <\/h2>    \n            \n            <div class=\"tx-hd-desc\"><\/div>\n\n\n                   \n        <\/div><!-- tx-hd-wrap -->\n\n\n\n\n\n\n\n\n\t\t<\/div>\n\t\t\t\t<\/div>\n\t\t\t\t<section class=\"elementor-section elementor-inner-section elementor-element elementor-element-730284e elementor-section-boxed elementor-section-height-default elementor-section-height-default\" data-id=\"730284e\" data-element_type=\"section\">\n\t\t\t\t\t\t<div class=\"elementor-container elementor-column-gap-default\">\n\t\t\t\t\t\t\t<div class=\"elementor-row\">\n\t\t\t\t\t<div class=\"elementor-column elementor-col-50 elementor-inner-column elementor-element elementor-element-41beecf\" data-id=\"41beecf\" data-element_type=\"column\">\n\t\t\t<div class=\"elementor-column-wrap elementor-element-populated\">\n\t\t\t\t\t\t\t<div class=\"elementor-widget-wrap\">\n\t\t\t\t\t\t<div class=\"elementor-element elementor-element-fb29f5d elementor-widget elementor-widget-text-editor\" data-id=\"fb29f5d\" data-element_type=\"widget\" data-widget_type=\"text-editor.default\">\n\t\t\t\t<div class=\"elementor-widget-container\">\n\t\t\t\t\t\t\t\t<div class=\"elementor-text-editor elementor-clearfix\">\n\t\t\t\t<p><strong>GF 677 :<\/strong> Obtenu de l&rsquo;INRA France. Croisement de p\u00eacher (Prunus persica) x amandier (Prunus amigdalus). C&rsquo;est l&rsquo;un des porte-greffes les plus utilis\u00e9s actuellement. Excellente affinit\u00e9 avec les vari\u00e9t\u00e9s de p\u00eaches, nectarines et amandes. S&rsquo;adapte bien aux sols calcaires et tol\u00e8re la chlorose ferrique. Sensible aux n\u00e9matodes mais tr\u00e8s vigoureux.<\/p><p><strong>GXN (Garnem) :<\/strong> Obtenu aupr\u00e8s de la CITA d&rsquo;Aragon. Croisement entre amandier Garfi (Prunus amigdalus) x p\u00eacher Nemared (Prunus persica). Tr\u00e8s r\u00e9sistant aux n\u00e9matodes et tr\u00e8s vigoureux, bien que sensible au calcaire et \u00e0 l&rsquo;asphyxie des racines. Compatible avec le p\u00eacher, le nectarinier et l&rsquo;amandier.<\/p><p><strong>Cadaman \u00aeAvimag :<\/strong> Porte-greffe compatible avec toutes vari\u00e9t\u00e9s de p\u00eacher, nectariniers et amandiers. Il anticipe la r\u00e9colte, en particulier pour les vari\u00e9t\u00e9s pr\u00e9coces, en donnant une coloration plus intense aux fruits. Conf\u00e8re moins de vigueur que GF-677 ou GXN. Tr\u00e8s r\u00e9sistant aux n\u00e9matodes mais sensible \u00e0 la phytophtora.<\/p>\t\t\t\t\t<\/div>\n\t\t\t\t\t\t<\/div>\n\t\t\t\t<\/div>\n\t\t\t\t\t\t<\/div>\n\t\t\t\t\t<\/div>\n\t\t<\/div>\n\t\t\t\t<div class=\"elementor-column elementor-col-50 elementor-inner-column elementor-element elementor-element-9bb0682\" data-id=\"9bb0682\" data-element_type=\"column\">\n\t\t\t<div class=\"elementor-column-wrap elementor-element-populated\">\n\t\t\t\t\t\t\t<div class=\"elementor-widget-wrap\">\n\t\t\t\t\t\t<div class=\"elementor-element elementor-element-c5332e5 elementor-widget elementor-widget-text-editor\" data-id=\"c5332e5\" data-element_type=\"widget\" data-widget_type=\"text-editor.default\">\n\t\t\t\t<div class=\"elementor-widget-container\">\n\t\t\t\t\t\t\t\t<div class=\"elementor-text-editor elementor-clearfix\">\n\t\t\t\t<p><strong>Mariana 26\/24 :<\/strong> Porte-greffe compatible avec le prunier et certaines vari\u00e9t\u00e9s d&rsquo;abricot. Il s&rsquo;adapte bien aux conditions de replantation, \u00e9tant donn\u00e9 sa r\u00e9sistance \u00e0 de nombreux pathog\u00e8nes pr\u00e9sents dans le sol. Il est tr\u00e8s vigoureux et est le porte-greffe le plus r\u00e9sistant \u00e0 l&rsquo;asphyxie racinaire. Moyennement r\u00e9sistant au calcaire et aux n\u00e9matodes.<\/p><p><strong>Monclar :<\/strong> S\u00e9lection clonale de p\u00eacher franc. Il pr\u00e9sente une bonne affinit\u00e9 avec les vari\u00e9t\u00e9s de p\u00eaches, nectarines et d&rsquo;amandes. Il est moins vigoureux et plus sensible aux n\u00e9matodes que les hybrides p\u00eache x amande.<\/p><p><strong>Mirabolano 29\/C :<\/strong> S\u00e9lection Mirabolano de Californie. C&rsquo;est le porte-greffe le plus utilis\u00e9 pour les vari\u00e9t\u00e9s modernes d&rsquo;abricot et il est \u00e9galement compatible avec le prunier. Il est tr\u00e8s vigoureux, r\u00e9sistant aux n\u00e9matodes mais mod\u00e9r\u00e9ment r\u00e9sistant \u00e0 l&rsquo;agrobact\u00e9rium et \u00e0 l&rsquo;armillaria. Il est bien adapt\u00e9 aux sols humides et peu fertiles.<\/p>\t\t\t\t\t<\/div>\n\t\t\t\t\t\t<\/div>\n\t\t\t\t<\/div>\n\t\t\t\t\t\t<\/div>\n\t\t\t\t\t<\/div>\n\t\t<\/div>\n\t\t\t\t\t\t\t\t<\/div>\n\t\t\t\t\t<\/div>\n\t\t<\/section>\n\t\t\t\t<div class=\"elementor-element elementor-element-4ee22ce elementor-widget elementor-widget-image\" data-id=\"4ee22ce\" data-element_type=\"widget\" data-widget_type=\"image.default\">\n\t\t\t\t<div class=\"elementor-widget-container\">\n\t\t\t\t\t\t\t\t<div class=\"elementor-image\">\n\t\t\t\t\t\t\t\t\t\t\t\t<img loading=\"lazy\" decoding=\"async\" width=\"1112\" height=\"735\" src=\"https:\/\/www.viverosveron.es\/wp-content\/uploads\/17-portainjertos-2.jpg\" class=\"attachment-full size-full wp-image-384\" alt=\"\" srcset=\"https:\/\/www.viverosveron.es\/wp-content\/uploads\/17-portainjertos-2.jpg 1112w, https:\/\/www.viverosveron.es\/wp-content\/uploads\/17-portainjertos-2-300x198.jpg 300w, https:\/\/www.viverosveron.es\/wp-content\/uploads\/17-portainjertos-2-1024x677.jpg 1024w, https:\/\/www.viverosveron.es\/wp-content\/uploads\/17-portainjertos-2-768x508.jpg 768w, https:\/\/www.viverosveron.es\/wp-content\/uploads\/17-portainjertos-2-150x100.jpg 150w, https:\/\/www.viverosveron.es\/wp-content\/uploads\/17-portainjertos-2-360x238.jpg 360w, https:\/\/www.viverosveron.es\/wp-content\/uploads\/17-portainjertos-2-373x247.jpg 373w, https:\/\/www.viverosveron.es\/wp-content\/uploads\/17-portainjertos-2-80x53.jpg 80w, https:\/\/www.viverosveron.es\/wp-content\/uploads\/17-portainjertos-2-620x410.jpg 620w, https:\/\/www.viverosveron.es\/wp-content\/uploads\/17-portainjertos-2-460x304.jpg 460w, https:\/\/www.viverosveron.es\/wp-content\/uploads\/17-portainjertos-2-365x241.jpg 365w\" sizes=\"auto, (max-width: 1112px) 100vw, 1112px\" \/>\t\t\t\t\t\t\t\t\t\t\t\t\t\t<\/div>\n\t\t\t\t\t\t<\/div>\n\t\t\t\t<\/div>\n\t\t\t\t\t\t<\/div>\n\t\t\t\t\t<\/div>\n\t\t<\/div>\n\t\t\t\t\t\t\t\t<\/div>\n\t\t\t\t\t<\/div>\n\t\t<\/section>\n\t\t\t\t\t\t\t\t\t<\/div>\n\t\t\t<\/div>\n\t\t\t\t\t<\/div>\n\t\t","protected":false},"excerpt":{"rendered":"<p class=\"tx-excerpt\">Quels porte-greffes utilisons-nous pour produire notre plante ? Les porte-greffes repr\u00e9sentent l&rsquo;endroit sur lequel seront gref\u00e9es les vari\u00e9t\u00e9s d&rsquo;un arbre fruitier sp\u00e9cifique. Chaque porte-greffe pr\u00e9sente des caract\u00e9ristiques diff\u00e9rienciatrices","protected":false},"author":1,"featured_media":0,"parent":1066,"menu_order":0,"comment_status":"closed","ping_status":"closed","template":"templates\/blank.php","meta":{"footnotes":""},"class_list":["post-1383","page","type-page","status-publish","hentry"],"_links":{"self":[{"href":"https:\/\/www.viverosveron.es\/fr\/wp-json\/wp\/v2\/pages\/1383","targetHints":{"allow":["GET"]}}],"collection":[{"href":"https:\/\/www.viverosveron.es\/fr\/wp-json\/wp\/v2\/pages"}],"about":[{"href":"https:\/\/www.viverosveron.es\/fr\/wp-json\/wp\/v2\/types\/page"}],"author":[{"embeddable":true,"href":"https:\/\/www.viverosveron.es\/fr\/wp-json\/wp\/v2\/users\/1"}],"replies":[{"embeddable":true,"href":"https:\/\/www.viverosveron.es\/fr\/wp-json\/wp\/v2\/comments?post=1383"}],"version-history":[{"count":9,"href":"https:\/\/www.viverosveron.es\/fr\/wp-json\/wp\/v2\/pages\/1383\/revisions"}],"predecessor-version":[{"id":1597,"href":"https:\/\/www.viverosveron.es\/fr\/wp-json\/wp\/v2\/pages\/1383\/revisions\/1597"}],"up":[{"embeddable":true,"href":"https:\/\/www.viverosveron.es\/fr\/wp-json\/wp\/v2\/pages\/1066"}],"wp:attachment":[{"href":"https:\/\/www.viverosveron.es\/fr\/wp-json\/wp\/v2\/media?parent=1383"}],"curies":[{"name":"wp","href":"https:\/\/api.w.org\/{rel}","templated":true}]}}